{"id":118,"date":"2019-01-04T14:45:43","date_gmt":"2019-01-04T14:45:43","guid":{"rendered":"http:\/\/kartodromodechaves.net\/webkarts\/?page_id=118"},"modified":"2019-01-04T14:47:49","modified_gmt":"2019-01-04T14:47:49","slug":"resolucao-de-litigios-ver-regulamento-oficial","status":"publish","type":"page","link":"https:\/\/kartodromodechaves.net\/webkarts\/index.php\/resolucao-de-litigios-ver-regulamento-oficial\/","title":{"rendered":"Resolu\u00e7\u00e3o de Lit\u00edgios &#8211; Ver Regulamento Oficial"},"content":{"rendered":"\n<div class=\"wp-block-image\"><figure class=\"aligncenter is-resized\"><img loading=\"lazy\" decoding=\"async\" src=\"https:\/\/kartodromodechaves.net\/webkarts\/wp-content\/uploads\/2019\/01\/LOGO.png\" alt=\"\" class=\"wp-image-9\" width=\"336\" height=\"280\" srcset=\"https:\/\/kartodromodechaves.net\/webkarts\/wp-content\/uploads\/2019\/01\/LOGO.png 600w, https:\/\/kartodromodechaves.net\/webkarts\/wp-content\/uploads\/2019\/01\/LOGO-300x250.png 300w\" sizes=\"auto, (max-width: 336px) 100vw, 336px\" \/><\/figure><\/div>\n\n\n\n<p style=\"text-align:center\"><strong><a href=\"https:\/\/kartodromodechaves.net\/webkarts\/wp-content\/uploads\/2019\/01\/OBRIGACOES_SOBRE_LITIGIOS.pdf\" target=\"_blank\" rel=\"noreferrer noopener\" aria-label=\"CLIQUE AQUI - VER MAIS (opens in a new tab)\">CLIQUE AQUI &#8211; VER MAIS<\/a><\/strong><\/p>\n","protected":false},"excerpt":{"rendered":"<p>CLIQUE AQUI &#8211; VER MAIS<\/p>\n","protected":false},"author":1,"featured_media":0,"parent":0,"menu_order":0,"comment_status":"closed","ping_status":"closed","template":"","meta":{"footnotes":""},"class_list":["post-118","page","type-page","status-publish","hentry"],"_links":{"self":[{"href":"https:\/\/kartodromodechaves.net\/webkarts\/index.php\/wp-json\/wp\/v2\/pages\/118","targetHints":{"allow":["GET"]}}],"collection":[{"href":"https:\/\/kartodromodechaves.net\/webkarts\/index.php\/wp-json\/wp\/v2\/pages"}],"about":[{"href":"https:\/\/kartodromodechaves.net\/webkarts\/index.php\/wp-json\/wp\/v2\/types\/page"}],"author":[{"embeddable":true,"href":"https:\/\/kartodromodechaves.net\/webkarts\/index.php\/wp-json\/wp\/v2\/users\/1"}],"replies":[{"embeddable":true,"href":"https:\/\/kartodromodechaves.net\/webkarts\/index.php\/wp-json\/wp\/v2\/comments?post=118"}],"version-history":[{"count":2,"href":"https:\/\/kartodromodechaves.net\/webkarts\/index.php\/wp-json\/wp\/v2\/pages\/118\/revisions"}],"predecessor-version":[{"id":123,"href":"https:\/\/kartodromodechaves.net\/webkarts\/index.php\/wp-json\/wp\/v2\/pages\/118\/revisions\/123"}],"wp:attachment":[{"href":"https:\/\/kartodromodechaves.net\/webkarts\/index.php\/wp-json\/wp\/v2\/media?parent=118"}],"curies":[{"name":"wp","href":"https:\/\/api.w.org\/{rel}","templated":true}]}}