{"id":324,"date":"2020-06-23T16:19:32","date_gmt":"2020-06-23T16:19:32","guid":{"rendered":"http:\/\/kartodromodechaves.net\/webkarts\/?page_id=324"},"modified":"2020-06-25T14:24:20","modified_gmt":"2020-06-25T14:24:20","slug":"liv-de-reclamacoes-electronico","status":"publish","type":"page","link":"https:\/\/kartodromodechaves.net\/webkarts\/index.php\/liv-de-reclamacoes-electronico\/","title":{"rendered":"Livro. de Reclama\u00e7\u00f5es &#8211; Electr\u00f3nico"},"content":{"rendered":"<p><\/p>\n<h2 class=\"wp-block-heading\">\u00a0<\/h2>\n<h2><em>*** ENVIE-NOS O SEU EMAIL ***<\/em><\/h2>\n<p><\/p>\n<h2 class=\"wp-block-heading\"><strong>Clique, no link:<\/strong><\/h2>\n<p><\/p>\n<p><\/p>\n<p><\/p>\n<h2 class=\"wp-block-heading\"><strong><a href=\"mailto:joaobagip@gmail.com\" target=\"_blank\" rel=\"noreferrer noopener\">joaobagip@gmail.com<\/a><\/strong><\/h2>\n\u00a0\n<p><\/p>\n<p><\/p>","protected":false},"excerpt":{"rendered":"<p>\u00a0 *** ENVIE-NOS O SEU EMAIL *** Clique, no link: joaobagip@gmail.com \u00a0<\/p>\n","protected":false},"author":1,"featured_media":0,"parent":0,"menu_order":0,"comment_status":"closed","ping_status":"closed","template":"","meta":{"footnotes":""},"class_list":["post-324","page","type-page","status-publish","hentry"],"_links":{"self":[{"href":"https:\/\/kartodromodechaves.net\/webkarts\/index.php\/wp-json\/wp\/v2\/pages\/324","targetHints":{"allow":["GET"]}}],"collection":[{"href":"https:\/\/kartodromodechaves.net\/webkarts\/index.php\/wp-json\/wp\/v2\/pages"}],"about":[{"href":"https:\/\/kartodromodechaves.net\/webkarts\/index.php\/wp-json\/wp\/v2\/types\/page"}],"author":[{"embeddable":true,"href":"https:\/\/kartodromodechaves.net\/webkarts\/index.php\/wp-json\/wp\/v2\/users\/1"}],"replies":[{"embeddable":true,"href":"https:\/\/kartodromodechaves.net\/webkarts\/index.php\/wp-json\/wp\/v2\/comments?post=324"}],"version-history":[{"count":14,"href":"https:\/\/kartodromodechaves.net\/webkarts\/index.php\/wp-json\/wp\/v2\/pages\/324\/revisions"}],"predecessor-version":[{"id":343,"href":"https:\/\/kartodromodechaves.net\/webkarts\/index.php\/wp-json\/wp\/v2\/pages\/324\/revisions\/343"}],"wp:attachment":[{"href":"https:\/\/kartodromodechaves.net\/webkarts\/index.php\/wp-json\/wp\/v2\/media?parent=324"}],"curies":[{"name":"wp","href":"https:\/\/api.w.org\/{rel}","templated":true}]}}